{"id":7361,"date":"2024-05-21T17:50:09","date_gmt":"2024-05-21T21:50:09","guid":{"rendered":"https:\/\/www.sinergiahumanitaria.cl\/portal\/?page_id=7361"},"modified":"2026-03-24T16:20:59","modified_gmt":"2026-03-24T19:20:59","slug":"instituciones","status":"publish","type":"page","link":"https:\/\/www.sinergiahumanitaria.cl\/portal\/instituciones\/","title":{"rendered":"Instituciones"},"content":{"rendered":"\t\t<div data-elementor-type=\"wp-page\" data-elementor-id=\"7361\" class=\"elementor elementor-7361\">\n\t\t\t\t\t\t<section data-particle_enable=\"false\" data-particle-mobile-disabled=\"false\" class=\"elementor-section elementor-top-section elementor-element elementor-element-071343b elementor-section-full_width elementor-section-height-default elementor-section-height-default qodef-elementor-content-no\" data-id=\"071343b\" data-element_type=\"section\" data-e-type=\"section\">\n\t\t\t\t\t\t\t<div class=\"elementor-background-overlay\"><\/div>\n\t\t\t\t\t\t\t<div class=\"elementor-container elementor-column-gap-default\">\n\t\t\t\t\t<div class=\"elementor-column elementor-col-33 elementor-top-column elementor-element elementor-element-4f708c1\" data-id=\"4f708c1\" data-element_type=\"column\" data-e-type=\"column\" data-settings=\"{&quot;background_background&quot;:&quot;classic&quot;}\">\n\t\t\t<div class=\"elementor-widget-wrap elementor-element-populated\">\n\t\t\t\t\t\t<div class=\"elementor-element elementor-element-6c67a38 elementor-widget elementor-widget-spacer\" data-id=\"6c67a38\" data-element_type=\"widget\" data-e-type=\"widget\" data-widget_type=\"spacer.default\">\n\t\t\t\t<div class=\"elementor-widget-container\">\n\t\t\t\t\t\t\t<div class=\"elementor-spacer\">\n\t\t\t<div class=\"elementor-spacer-inner\"><\/div>\n\t\t<\/div>\n\t\t\t\t\t\t<\/div>\n\t\t\t\t<\/div>\n\t\t\t\t<div class=\"elementor-element elementor-element-a6aa381 elementor-widget elementor-widget-rightcause_core_image_with_rotate_text\" data-id=\"a6aa381\" data-element_type=\"widget\" data-e-type=\"widget\" data-widget_type=\"rightcause_core_image_with_rotate_text.default\">\n\t\t\t\t<div class=\"elementor-widget-container\">\n\t\t\t\t\t<div class=\"qodef-shortcode qodef-m qodef-image-with-rotate-text qodef-layout--text-below qodef-text-position--bottom-right qodef--has-rotate-text\">\n\n\t\n\t<div class=\"qodef-m-image\">\n\t\t\t\n\t\t\t\n\t\t\t<div class=\"qodef-m-image-inner\">\n\t\t<img fetchpriority=\"high\" decoding=\"async\" width=\"1080\" height=\"1920\" src=\"https:\/\/www.sinergiahumanitaria.cl\/portal\/wp-content\/uploads\/2024\/06\/estadis.jpg\" class=\"attachment-full size-full\" alt=\"\" srcset=\"https:\/\/www.sinergiahumanitaria.cl\/portal\/wp-content\/uploads\/2024\/06\/estadis.jpg 1080w, https:\/\/www.sinergiahumanitaria.cl\/portal\/wp-content\/uploads\/2024\/06\/estadis-169x300.jpg 169w, https:\/\/www.sinergiahumanitaria.cl\/portal\/wp-content\/uploads\/2024\/06\/estadis-576x1024.jpg 576w, https:\/\/www.sinergiahumanitaria.cl\/portal\/wp-content\/uploads\/2024\/06\/estadis-768x1365.jpg 768w, https:\/\/www.sinergiahumanitaria.cl\/portal\/wp-content\/uploads\/2024\/06\/estadis-864x1536.jpg 864w\" sizes=\"(max-width: 1080px) 100vw, 1080px\" \/>\t\t<\/div>\n\t\n\t\t\t\n\t\t\t\t\t<div class=\"qodef-image-with-rotate-text-holder\" >\n\t\t\t\t<div class=\"qodef-image-with-rotate-text-inner\">\n\t\t\t\t\t<p class=\"qodef-image-with-rotate-text\" >Donaciones<\/p>\n\t\t\t\t<\/div>\n\t\t\t<\/div>\n\t\t\t\n\t<\/div>\n\t\n\t\n\t\n<\/div>\n\t\t\t\t<\/div>\n\t\t\t\t<\/div>\n\t\t\t\t\t<\/div>\n\t\t<\/div>\n\t\t\t\t<div class=\"elementor-column elementor-col-66 elementor-top-column elementor-element elementor-element-1b1906a\" data-id=\"1b1906a\" data-element_type=\"column\" data-e-type=\"column\">\n\t\t\t<div class=\"elementor-widget-wrap elementor-element-populated\">\n\t\t\t\t\t\t<div class=\"elementor-element elementor-element-aad08e3 elementor-widget elementor-widget-spacer\" data-id=\"aad08e3\" data-element_type=\"widget\" data-e-type=\"widget\" data-widget_type=\"spacer.default\">\n\t\t\t\t<div class=\"elementor-widget-container\">\n\t\t\t\t\t\t\t<div class=\"elementor-spacer\">\n\t\t\t<div class=\"elementor-spacer-inner\"><\/div>\n\t\t<\/div>\n\t\t\t\t\t\t<\/div>\n\t\t\t\t<\/div>\n\t\t\t\t<div class=\"elementor-element elementor-element-d24e636 elementor-widget elementor-widget-html\" data-id=\"d24e636\" data-element_type=\"widget\" data-e-type=\"widget\" data-widget_type=\"html.default\">\n\t\t\t\t<div class=\"elementor-widget-container\">\n\t\t\t\t\t<a href=\"https:\/\/www.sinergiahumanitaria.cl\/portal\/wp-content\/uploads\/2024\/05\/instituciones2.pdf\" class=\"pdfemb-viewer\" style=\"\" data-width=\"max\" data-height=\"max\" data-toolbar=\"bottom\" data-toolbar-fixed=\"off\">Instituciones beneficiadas<\/a>\t\t\t\t<\/div>\n\t\t\t\t<\/div>\n\t\t\t\t\t<\/div>\n\t\t<\/div>\n\t\t\t\t\t<\/div>\n\t\t<\/section>\n\t\t\t\t<section data-particle_enable=\"false\" data-particle-mobile-disabled=\"false\" class=\"elementor-section elementor-top-section elementor-element elementor-element-b207646 elementor-section-boxed elementor-section-height-default elementor-section-height-default qodef-elementor-content-no\" data-id=\"b207646\" data-element_type=\"section\" data-e-type=\"section\">\n\t\t\t\t\t\t<div class=\"elementor-container elementor-column-gap-default\">\n\t\t\t\t\t<div class=\"elementor-column elementor-col-100 elementor-top-column elementor-element elementor-element-c35b117\" data-id=\"c35b117\" data-element_type=\"column\" data-e-type=\"column\">\n\t\t\t<div class=\"elementor-widget-wrap elementor-element-populated\">\n\t\t\t\t\t\t<div class=\"elementor-element elementor-element-aee1480 elementor-widget elementor-widget-rightcause_core_testimonials_list\" data-id=\"aee1480\" data-element_type=\"widget\" data-e-type=\"widget\" data-widget_type=\"rightcause_core_testimonials_list.default\">\n\t\t\t\t<div class=\"elementor-widget-container\">\n\t\t\t\t\t<div class=\"qodef-shortcode qodef-m qodef-testimonials-list qodef-grid qodef-swiper-container qodef-gutter--normal qodef-col-num--1 qodef-item-layout--info-below qodef-responsive--predefined\" data-options=\"{&quot;slidesPerView&quot;:&quot;1&quot;,&quot;spaceBetween&quot;:15,&quot;loop&quot;:true,&quot;autoplay&quot;:true,&quot;speed&quot;:&quot;10000&quot;,&quot;speedAnimation&quot;:&quot;&quot;,&quot;slideAnimation&quot;:&quot;&quot;,&quot;direction&quot;:&quot;&quot;,&quot;reverseDirection&quot;:false,&quot;loopedSlides&quot;:&quot;&quot;,&quot;unique&quot;:5740,&quot;outsideNavigation&quot;:&quot;yes&quot;}\">\n\t<div class=\"swiper-wrapper\">\n\t\t<div class=\"qodef-e swiper-slide\">\n\t<div class=\"qodef-e-inner\">\n\t\t\t<div class=\"qodef-e-media-image\">\n\t\t<img decoding=\"async\" width=\"125\" height=\"125\" src=\"https:\/\/www.sinergiahumanitaria.cl\/portal\/wp-content\/uploads\/2020\/07\/papafrancisco.png\" class=\"attachment-full size-full wp-post-image\" alt=\"\" \/>\t<\/div>\n\t\t<div class=\"qodef-e-content\">\n\t\t\t\t\t\t\t<p itemprop=\"description\" class=\"qodef-e-text\">\n\t\t&quot;Los ancianos son las ra\u00edces de los j\u00f3venes, un \u00e1rbol arrancado de sus ra\u00edces no crece, no da fruto ni flores&quot;\t<\/p>\n\t\t\t<h6 class=\"qodef-e-author\">\n\t<span class=\"qodef-e-author-name\">\n\t\tS.S Francisco\t<\/span>\n\t<span class=\"qodef-e-author-job\">\n\t\tPapa, L\u00edder Religioso\t<\/span>\n<\/h6>\n\t\t<\/div>\n\t<\/div>\n<\/div><div class=\"qodef-e swiper-slide\">\n\t<div class=\"qodef-e-inner\">\n\t\t\t<div class=\"qodef-e-media-image\">\n\t\t<img decoding=\"async\" width=\"125\" height=\"125\" src=\"https:\/\/www.sinergiahumanitaria.cl\/portal\/wp-content\/uploads\/2020\/07\/desmond.png\" class=\"attachment-full size-full wp-post-image\" alt=\"\" \/>\t<\/div>\n\t\t<div class=\"qodef-e-content\">\n\t\t\t\t\t\t\t<p itemprop=\"description\" class=\"qodef-e-text\">\n\t\t&quot;Toda nuestra humanidad depende de reconocer nuestra humanidad en los dem\u00e1s\u201d\t<\/p>\n\t\t\t<h6 class=\"qodef-e-author\">\n\t<span class=\"qodef-e-author-name\">\n\t\tDesmond Tutu\t<\/span>\n\t<span class=\"qodef-e-author-job\">\n\t\tCl\u00e9rigo y Pacifista\t<\/span>\n<\/h6>\n\t\t<\/div>\n\t<\/div>\n<\/div><div class=\"qodef-e swiper-slide\">\n\t<div class=\"qodef-e-inner\">\n\t\t\t<div class=\"qodef-e-media-image\">\n\t\t<img loading=\"lazy\" decoding=\"async\" width=\"125\" height=\"125\" src=\"https:\/\/www.sinergiahumanitaria.cl\/portal\/wp-content\/uploads\/2020\/07\/dalai.png\" class=\"attachment-full size-full wp-post-image\" alt=\"\" \/>\t<\/div>\n\t\t<div class=\"qodef-e-content\">\n\t\t\t\t\t\t\t<p itemprop=\"description\" class=\"qodef-e-text\">\n\t\t&quot;Siento que la armon\u00eda se basa en un sentido aut\u00e9ntico de la hermandad.&quot;\t<\/p>\n\t\t\t<h6 class=\"qodef-e-author\">\n\t<span class=\"qodef-e-author-name\">\n\t\tDalai Lama\t<\/span>\n\t<span class=\"qodef-e-author-job\">\n\t\tL\u00edder Espiritual\t<\/span>\n<\/h6>\n\t\t<\/div>\n\t<\/div>\n<\/div><div class=\"qodef-e swiper-slide\">\n\t<div class=\"qodef-e-inner\">\n\t\t\t<div class=\"qodef-e-media-image\">\n\t\t<img loading=\"lazy\" decoding=\"async\" width=\"125\" height=\"125\" src=\"https:\/\/www.sinergiahumanitaria.cl\/portal\/wp-content\/uploads\/2020\/07\/lincoln.png\" class=\"attachment-full size-full wp-post-image\" alt=\"\" \/>\t<\/div>\n\t\t<div class=\"qodef-e-content\">\n\t\t\t\t\t\t\t<p itemprop=\"description\" class=\"qodef-e-text\">\n\t\t&quot;El compromiso es lo que convierte una promesa en realidad&quot;.\t<\/p>\n\t\t\t<h6 class=\"qodef-e-author\">\n\t<span class=\"qodef-e-author-name\">\n\t\tAbraham Lincoln\t<\/span>\n\t<span class=\"qodef-e-author-job\">\n\t\tPresidente 16.\u00ba Estados Unidos\t<\/span>\n<\/h6>\n\t\t<\/div>\n\t<\/div>\n<\/div><div class=\"qodef-e swiper-slide\">\n\t<div class=\"qodef-e-inner\">\n\t\t\t<div class=\"qodef-e-media-image\">\n\t\t<img loading=\"lazy\" decoding=\"async\" width=\"125\" height=\"125\" src=\"https:\/\/www.sinergiahumanitaria.cl\/portal\/wp-content\/uploads\/2020\/07\/tim.png\" class=\"attachment-full size-full wp-post-image\" alt=\"\" \/>\t<\/div>\n\t\t<div class=\"qodef-e-content\">\n\t\t\t\t\t\t\t<p itemprop=\"description\" class=\"qodef-e-text\">\n\t\t&quot;Hermandad significa dar tu vida por alguien, realmente dispuesto a sacrificarte por otra persona&quot;.\t<\/p>\n\t\t\t<h6 class=\"qodef-e-author\">\n\t<span class=\"qodef-e-author-name\">\n\t\tTim Hetherington\t<\/span>\n\t<span class=\"qodef-e-author-job\">\n\t\tReportero Gr\u00e1fico\t<\/span>\n<\/h6>\n\t\t<\/div>\n\t<\/div>\n<\/div><div class=\"qodef-e swiper-slide\">\n\t<div class=\"qodef-e-inner\">\n\t\t\t<div class=\"qodef-e-media-image\">\n\t\t<img loading=\"lazy\" decoding=\"async\" width=\"122\" height=\"122\" src=\"https:\/\/www.sinergiahumanitaria.cl\/portal\/wp-content\/uploads\/2020\/03\/mistral.png\" class=\"attachment-full size-full wp-post-image\" alt=\"\" \/>\t<\/div>\n\t\t<div class=\"qodef-e-content\">\n\t\t\t\t\t\t\t<p itemprop=\"description\" class=\"qodef-e-text\">\n\t\t&quot;Donde haya un esfuerzo que todos esquivan, hazlo t\u00fa. S\u00e9 t\u00fa el que aparta la piedra del camino&quot;.\t<\/p>\n\t\t\t<h6 class=\"qodef-e-author\">\n\t<span class=\"qodef-e-author-name\">\n\t\tGabriela Mistral\t<\/span>\n\t<span class=\"qodef-e-author-job\">\n\t\tEscritora, Premio Nobel\t<\/span>\n<\/h6>\n\t\t<\/div>\n\t<\/div>\n<\/div><div class=\"qodef-e swiper-slide\">\n\t<div class=\"qodef-e-inner\">\n\t\t\t<div class=\"qodef-e-media-image\">\n\t\t<img loading=\"lazy\" decoding=\"async\" width=\"122\" height=\"122\" src=\"https:\/\/www.sinergiahumanitaria.cl\/portal\/wp-content\/uploads\/2020\/03\/papa.png\" class=\"attachment-full size-full wp-post-image\" alt=\"\" \/>\t<\/div>\n\t\t<div class=\"qodef-e-content\">\n\t\t\t\t\t\t\t<p itemprop=\"description\" class=\"qodef-e-text\">\n\t\t&quot;La solidaridad no es un sentimiento superficial, es la determinaci\u00f3n firme de empe\u00f1arse por el bien com\u00fan, el bien de todos&quot;.\t<\/p>\n\t\t\t<h6 class=\"qodef-e-author\">\n\t<span class=\"qodef-e-author-name\">\n\t\tS.S Juan Pablo II\t<\/span>\n\t<span class=\"qodef-e-author-job\">\n\t\tPapa, L\u00edder Religioso\t<\/span>\n<\/h6>\n\t\t<\/div>\n\t<\/div>\n<\/div><div class=\"qodef-e swiper-slide\">\n\t<div class=\"qodef-e-inner\">\n\t\t\t<div class=\"qodef-e-media-image\">\n\t\t<img loading=\"lazy\" decoding=\"async\" width=\"125\" height=\"125\" src=\"https:\/\/www.sinergiahumanitaria.cl\/portal\/wp-content\/uploads\/2020\/03\/gandhi_cita.png\" class=\"attachment-full size-full wp-post-image\" alt=\"\" \/>\t<\/div>\n\t\t<div class=\"qodef-e-content\">\n\t\t\t\t\t\t\t<p itemprop=\"description\" class=\"qodef-e-text\">\n\t\t&quot;El verdadero progreso social no consiste en aumentar las necesidades, sino en reducirlas&quot;.\t<\/p>\n\t\t\t<h6 class=\"qodef-e-author\">\n\t<span class=\"qodef-e-author-name\">\n\t\tGandhi\t<\/span>\n\t<span class=\"qodef-e-author-job\">\n\t\tPacifista, Pol\u00edtico, Pensador\t<\/span>\n<\/h6>\n\t\t<\/div>\n\t<\/div>\n<\/div>\t<\/div>\n\t<\/div>\n\t\t\t\t<\/div>\n\t\t\t\t<\/div>\n\t\t\t\t\t<\/div>\n\t\t<\/div>\n\t\t\t\t\t<\/div>\n\t\t<\/section>\n\t\t\t\t<\/div>\n\t\t","protected":false},"excerpt":{"rendered":"<p>Donaciones &quot;Los ancianos son las ra\u00edces de los j\u00f3venes, un \u00e1rbol arrancado de sus ra\u00edces no crece, no da fruto ni flores&quot; S.S Francisco Papa, L\u00edder Religioso &quot;Toda nuestra humanidad depende de reconocer nuestra humanidad en los dem\u00e1s\u201d Desmond Tutu Cl\u00e9rigo y Pacifista &quot;Siento que la armon\u00eda se basa en un sentido aut\u00e9ntico de la [&hellip;]<\/p>\n","protected":false},"author":6,"featured_media":0,"parent":0,"menu_order":0,"comment_status":"closed","ping_status":"closed","template":"page-full-width.php","meta":{"footnotes":""},"class_list":["post-7361","page","type-page","status-publish","hentry"],"yoast_head":"<!-- This site is optimized with the Yoast SEO plugin v27.4 - https:\/\/yoast.com\/product\/yoast-seo-wordpress\/ -->\n<title>Instituciones - Fundaci\u00f3n Sinergia Humanitaria<\/title>\n<meta name=\"robots\" content=\"index, follow, max-snippet:-1, max-image-preview:large, max-video-preview:-1\" \/>\n<link rel=\"canonical\" href=\"https:\/\/www.sinergiahumanitaria.cl\/portal\/instituciones\/\" \/>\n<meta property=\"og:locale\" content=\"es_ES\" \/>\n<meta property=\"og:type\" content=\"article\" \/>\n<meta property=\"og:title\" content=\"Instituciones - Fundaci\u00f3n Sinergia Humanitaria\" \/>\n<meta property=\"og:description\" content=\"Donaciones &quot;Los ancianos son las ra\u00edces de los j\u00f3venes, un \u00e1rbol arrancado de sus ra\u00edces no crece, no da fruto ni flores&quot; S.S Francisco Papa, L\u00edder Religioso &quot;Toda nuestra humanidad depende de reconocer nuestra humanidad en los dem\u00e1s\u201d Desmond Tutu Cl\u00e9rigo y Pacifista &quot;Siento que la armon\u00eda se basa en un sentido aut\u00e9ntico de la [&hellip;]\" \/>\n<meta property=\"og:url\" content=\"https:\/\/www.sinergiahumanitaria.cl\/portal\/instituciones\/\" \/>\n<meta property=\"og:site_name\" content=\"Fundaci\u00f3n Sinergia Humanitaria\" \/>\n<meta property=\"article:publisher\" content=\"https:\/\/www.facebook.com\/sinergiahumanitaria\/\" \/>\n<meta property=\"article:modified_time\" content=\"2026-03-24T19:20:59+00:00\" \/>\n<meta property=\"og:image\" content=\"https:\/\/www.sinergiahumanitaria.cl\/portal\/wp-content\/uploads\/2024\/06\/estadis.jpg\" \/>\n<meta name=\"twitter:card\" content=\"summary_large_image\" \/>\n<meta name=\"twitter:site\" content=\"@fsinergiah\" \/>\n<meta name=\"twitter:label1\" content=\"Tiempo estimado de lectura\" \/>\n\t<meta name=\"twitter:data1\" content=\"4 minutos\" \/>\n<script type=\"application\/ld+json\" class=\"yoast-schema-graph\">{\"@context\":\"https:\\\/\\\/schema.org\",\"@graph\":[{\"@type\":\"WebPage\",\"@id\":\"https:\\\/\\\/www.sinergiahumanitaria.cl\\\/portal\\\/instituciones\\\/\",\"url\":\"https:\\\/\\\/www.sinergiahumanitaria.cl\\\/portal\\\/instituciones\\\/\",\"name\":\"Instituciones - Fundaci\u00f3n Sinergia Humanitaria\",\"isPartOf\":{\"@id\":\"https:\\\/\\\/www.sinergiahumanitaria.cl\\\/portal\\\/#website\"},\"primaryImageOfPage\":{\"@id\":\"https:\\\/\\\/www.sinergiahumanitaria.cl\\\/portal\\\/instituciones\\\/#primaryimage\"},\"image\":{\"@id\":\"https:\\\/\\\/www.sinergiahumanitaria.cl\\\/portal\\\/instituciones\\\/#primaryimage\"},\"thumbnailUrl\":\"https:\\\/\\\/www.sinergiahumanitaria.cl\\\/portal\\\/wp-content\\\/uploads\\\/2024\\\/06\\\/estadis.jpg\",\"datePublished\":\"2024-05-21T21:50:09+00:00\",\"dateModified\":\"2026-03-24T19:20:59+00:00\",\"breadcrumb\":{\"@id\":\"https:\\\/\\\/www.sinergiahumanitaria.cl\\\/portal\\\/instituciones\\\/#breadcrumb\"},\"inLanguage\":\"es-CL\",\"potentialAction\":[{\"@type\":\"ReadAction\",\"target\":[\"https:\\\/\\\/www.sinergiahumanitaria.cl\\\/portal\\\/instituciones\\\/\"]}]},{\"@type\":\"ImageObject\",\"inLanguage\":\"es-CL\",\"@id\":\"https:\\\/\\\/www.sinergiahumanitaria.cl\\\/portal\\\/instituciones\\\/#primaryimage\",\"url\":\"https:\\\/\\\/www.sinergiahumanitaria.cl\\\/portal\\\/wp-content\\\/uploads\\\/2024\\\/06\\\/estadis.jpg\",\"contentUrl\":\"https:\\\/\\\/www.sinergiahumanitaria.cl\\\/portal\\\/wp-content\\\/uploads\\\/2024\\\/06\\\/estadis.jpg\",\"width\":1080,\"height\":1920},{\"@type\":\"BreadcrumbList\",\"@id\":\"https:\\\/\\\/www.sinergiahumanitaria.cl\\\/portal\\\/instituciones\\\/#breadcrumb\",\"itemListElement\":[{\"@type\":\"ListItem\",\"position\":1,\"name\":\"Portada\",\"item\":\"https:\\\/\\\/www.sinergiahumanitaria.cl\\\/portal\\\/\"},{\"@type\":\"ListItem\",\"position\":2,\"name\":\"Instituciones\"}]},{\"@type\":\"WebSite\",\"@id\":\"https:\\\/\\\/www.sinergiahumanitaria.cl\\\/portal\\\/#website\",\"url\":\"https:\\\/\\\/www.sinergiahumanitaria.cl\\\/portal\\\/\",\"name\":\"Fundaci\u00f3n Sinergia Humanitaria\",\"description\":\"Acci\u00f3n Solidaria desde 2001\",\"publisher\":{\"@id\":\"https:\\\/\\\/www.sinergiahumanitaria.cl\\\/portal\\\/#organization\"},\"potentialAction\":[{\"@type\":\"SearchAction\",\"target\":{\"@type\":\"EntryPoint\",\"urlTemplate\":\"https:\\\/\\\/www.sinergiahumanitaria.cl\\\/portal\\\/?s={search_term_string}\"},\"query-input\":{\"@type\":\"PropertyValueSpecification\",\"valueRequired\":true,\"valueName\":\"search_term_string\"}}],\"inLanguage\":\"es-CL\"},{\"@type\":\"Organization\",\"@id\":\"https:\\\/\\\/www.sinergiahumanitaria.cl\\\/portal\\\/#organization\",\"name\":\"Fundaci\u00f3n Sinergia Humanitaria\",\"url\":\"https:\\\/\\\/www.sinergiahumanitaria.cl\\\/portal\\\/\",\"logo\":{\"@type\":\"ImageObject\",\"inLanguage\":\"es-CL\",\"@id\":\"https:\\\/\\\/www.sinergiahumanitaria.cl\\\/portal\\\/#\\\/schema\\\/logo\\\/image\\\/\",\"url\":\"https:\\\/\\\/www.sinergiahumanitaria.cl\\\/portal\\\/wp-content\\\/uploads\\\/2020\\\/07\\\/LOGO-jpg-scaled.jpg\",\"contentUrl\":\"https:\\\/\\\/www.sinergiahumanitaria.cl\\\/portal\\\/wp-content\\\/uploads\\\/2020\\\/07\\\/LOGO-jpg-scaled.jpg\",\"width\":2560,\"height\":1440,\"caption\":\"Fundaci\u00f3n Sinergia Humanitaria\"},\"image\":{\"@id\":\"https:\\\/\\\/www.sinergiahumanitaria.cl\\\/portal\\\/#\\\/schema\\\/logo\\\/image\\\/\"},\"sameAs\":[\"https:\\\/\\\/www.facebook.com\\\/sinergiahumanitaria\\\/\",\"https:\\\/\\\/x.com\\\/fsinergiah\",\"https:\\\/\\\/www.instagram.com\\\/fsinergiah\\\/\"]}]}<\/script>\n<!-- \/ Yoast SEO plugin. -->","yoast_head_json":{"title":"Instituciones - Fundaci\u00f3n Sinergia Humanitaria","robots":{"index":"index","follow":"follow","max-snippet":"max-snippet:-1","max-image-preview":"max-image-preview:large","max-video-preview":"max-video-preview:-1"},"canonical":"https:\/\/www.sinergiahumanitaria.cl\/portal\/instituciones\/","og_locale":"es_ES","og_type":"article","og_title":"Instituciones - Fundaci\u00f3n Sinergia Humanitaria","og_description":"Donaciones &quot;Los ancianos son las ra\u00edces de los j\u00f3venes, un \u00e1rbol arrancado de sus ra\u00edces no crece, no da fruto ni flores&quot; S.S Francisco Papa, L\u00edder Religioso &quot;Toda nuestra humanidad depende de reconocer nuestra humanidad en los dem\u00e1s\u201d Desmond Tutu Cl\u00e9rigo y Pacifista &quot;Siento que la armon\u00eda se basa en un sentido aut\u00e9ntico de la [&hellip;]","og_url":"https:\/\/www.sinergiahumanitaria.cl\/portal\/instituciones\/","og_site_name":"Fundaci\u00f3n Sinergia Humanitaria","article_publisher":"https:\/\/www.facebook.com\/sinergiahumanitaria\/","article_modified_time":"2026-03-24T19:20:59+00:00","og_image":[{"url":"https:\/\/www.sinergiahumanitaria.cl\/portal\/wp-content\/uploads\/2024\/06\/estadis.jpg","type":"","width":"","height":""}],"twitter_card":"summary_large_image","twitter_site":"@fsinergiah","twitter_misc":{"Tiempo estimado de lectura":"4 minutos"},"schema":{"@context":"https:\/\/schema.org","@graph":[{"@type":"WebPage","@id":"https:\/\/www.sinergiahumanitaria.cl\/portal\/instituciones\/","url":"https:\/\/www.sinergiahumanitaria.cl\/portal\/instituciones\/","name":"Instituciones - Fundaci\u00f3n Sinergia Humanitaria","isPartOf":{"@id":"https:\/\/www.sinergiahumanitaria.cl\/portal\/#website"},"primaryImageOfPage":{"@id":"https:\/\/www.sinergiahumanitaria.cl\/portal\/instituciones\/#primaryimage"},"image":{"@id":"https:\/\/www.sinergiahumanitaria.cl\/portal\/instituciones\/#primaryimage"},"thumbnailUrl":"https:\/\/www.sinergiahumanitaria.cl\/portal\/wp-content\/uploads\/2024\/06\/estadis.jpg","datePublished":"2024-05-21T21:50:09+00:00","dateModified":"2026-03-24T19:20:59+00:00","breadcrumb":{"@id":"https:\/\/www.sinergiahumanitaria.cl\/portal\/instituciones\/#breadcrumb"},"inLanguage":"es-CL","potentialAction":[{"@type":"ReadAction","target":["https:\/\/www.sinergiahumanitaria.cl\/portal\/instituciones\/"]}]},{"@type":"ImageObject","inLanguage":"es-CL","@id":"https:\/\/www.sinergiahumanitaria.cl\/portal\/instituciones\/#primaryimage","url":"https:\/\/www.sinergiahumanitaria.cl\/portal\/wp-content\/uploads\/2024\/06\/estadis.jpg","contentUrl":"https:\/\/www.sinergiahumanitaria.cl\/portal\/wp-content\/uploads\/2024\/06\/estadis.jpg","width":1080,"height":1920},{"@type":"BreadcrumbList","@id":"https:\/\/www.sinergiahumanitaria.cl\/portal\/instituciones\/#breadcrumb","itemListElement":[{"@type":"ListItem","position":1,"name":"Portada","item":"https:\/\/www.sinergiahumanitaria.cl\/portal\/"},{"@type":"ListItem","position":2,"name":"Instituciones"}]},{"@type":"WebSite","@id":"https:\/\/www.sinergiahumanitaria.cl\/portal\/#website","url":"https:\/\/www.sinergiahumanitaria.cl\/portal\/","name":"Fundaci\u00f3n Sinergia Humanitaria","description":"Acci\u00f3n Solidaria desde 2001","publisher":{"@id":"https:\/\/www.sinergiahumanitaria.cl\/portal\/#organization"},"potentialAction":[{"@type":"SearchAction","target":{"@type":"EntryPoint","urlTemplate":"https:\/\/www.sinergiahumanitaria.cl\/portal\/?s={search_term_string}"},"query-input":{"@type":"PropertyValueSpecification","valueRequired":true,"valueName":"search_term_string"}}],"inLanguage":"es-CL"},{"@type":"Organization","@id":"https:\/\/www.sinergiahumanitaria.cl\/portal\/#organization","name":"Fundaci\u00f3n Sinergia Humanitaria","url":"https:\/\/www.sinergiahumanitaria.cl\/portal\/","logo":{"@type":"ImageObject","inLanguage":"es-CL","@id":"https:\/\/www.sinergiahumanitaria.cl\/portal\/#\/schema\/logo\/image\/","url":"https:\/\/www.sinergiahumanitaria.cl\/portal\/wp-content\/uploads\/2020\/07\/LOGO-jpg-scaled.jpg","contentUrl":"https:\/\/www.sinergiahumanitaria.cl\/portal\/wp-content\/uploads\/2020\/07\/LOGO-jpg-scaled.jpg","width":2560,"height":1440,"caption":"Fundaci\u00f3n Sinergia Humanitaria"},"image":{"@id":"https:\/\/www.sinergiahumanitaria.cl\/portal\/#\/schema\/logo\/image\/"},"sameAs":["https:\/\/www.facebook.com\/sinergiahumanitaria\/","https:\/\/x.com\/fsinergiah","https:\/\/www.instagram.com\/fsinergiah\/"]}]}},"_links":{"self":[{"href":"https:\/\/www.sinergiahumanitaria.cl\/portal\/wp-json\/wp\/v2\/pages\/7361","targetHints":{"allow":["GET"]}}],"collection":[{"href":"https:\/\/www.sinergiahumanitaria.cl\/portal\/wp-json\/wp\/v2\/pages"}],"about":[{"href":"https:\/\/www.sinergiahumanitaria.cl\/portal\/wp-json\/wp\/v2\/types\/page"}],"author":[{"embeddable":true,"href":"https:\/\/www.sinergiahumanitaria.cl\/portal\/wp-json\/wp\/v2\/users\/6"}],"replies":[{"embeddable":true,"href":"https:\/\/www.sinergiahumanitaria.cl\/portal\/wp-json\/wp\/v2\/comments?post=7361"}],"version-history":[{"count":41,"href":"https:\/\/www.sinergiahumanitaria.cl\/portal\/wp-json\/wp\/v2\/pages\/7361\/revisions"}],"predecessor-version":[{"id":8183,"href":"https:\/\/www.sinergiahumanitaria.cl\/portal\/wp-json\/wp\/v2\/pages\/7361\/revisions\/8183"}],"wp:attachment":[{"href":"https:\/\/www.sinergiahumanitaria.cl\/portal\/wp-json\/wp\/v2\/media?parent=7361"}],"curies":[{"name":"wp","href":"https:\/\/api.w.org\/{rel}","templated":true}]}}